{"id":16416,"date":"2023-07-01T14:21:01","date_gmt":"2023-07-01T11:21:01","guid":{"rendered":"https:\/\/mondri.lt\/produktas\/uncategorized\/gold-plated-necklace-and-drop-earrings-with-faceted-amber-jewelry-set-bliss-2\/"},"modified":"2024-05-31T15:11:50","modified_gmt":"2024-05-31T12:11:50","slug":"long-gold-plated-necklace-and-drop-earrings-with-faceted-amber-jewelry-set-bliss","status":"publish","type":"product","link":"https:\/\/mondri.lt\/en\/product\/jewelry-categories\/jewelry-sets\/long-gold-plated-necklace-and-drop-earrings-with-faceted-amber-jewelry-set-bliss\/","title":{"rendered":"Long gold-plated necklace and drop earrings with faceted amber jewelry set \u2013 BLISS"},"content":{"rendered":"","protected":false},"excerpt":{"rendered":"","protected":false},"featured_media":9107,"template":"","meta":{"_acf_changed":false,"inline_featured_image":false},"product_brand":[],"product_cat":[347,372,422,384,353,536,356],"product_tag":[],"class_list":{"0":"post-16416","1":"product","2":"type-product","3":"status-publish","4":"has-post-thumbnail","6":"product_cat-amber-jewelry","7":"product_cat-200-500-eur-en","8":"product_cat-bliss-amber","9":"product_cat-honey-amber-en","10":"product_cat-24k-gold-plated-jewelry","11":"product_cat-jewelry-sets","12":"product_cat-all-jewelry","13":"pa_akmens-dydis-12-mm-0-47-in","14":"pa_akmens-spalva-faceted-amber","15":"pa_kolekcijos-bliss-amber","16":"pa_spalva-24k-gold-vermeil","17":"tm-has-options","19":"first","20":"instock","21":"taxable","22":"shipping-taxable","23":"product-type-bundle"},"bundled_by":[],"bundle_stock_status":"instock","bundle_stock_quantity":"","bundle_virtual":false,"bundle_layout":"default","bundle_add_to_cart_form_location":"default","bundle_editable_in_cart":false,"bundle_sold_individually_context":"product","bundle_item_grouping":"parent","bundle_min_size":"","bundle_max_size":"","bundle_price":{"price":{"min":{"incl_tax":"0.00","excl_tax":"0.00"},"max":{"incl_tax":"572","excl_tax":"472.74"}},"regular_price":{"min":{"incl_tax":"0.00","excl_tax":"0.00"},"max":{"incl_tax":"572","excl_tax":"472.74"}}},"bundled_items":[{"bundled_item_id":1257,"product_id":14515,"menu_order":0,"quantity_min":1,"quantity_max":1,"quantity_default":1,"priced_individually":true,"shipped_individually":false,"override_title":false,"title":"Gold-plated pendant with 12 mm faceted amber \u2013 BLISS","override_description":false,"description":"Gold-plated pendant with 12 mm faceted amber \u2013 BLISS","optional":true,"hide_thumbnail":false,"discount":"","override_variations":false,"allowed_variations":[""],"override_default_variation_attributes":false,"default_variation_attributes":[],"single_product_visibility":"visible","cart_visibility":"visible","order_visibility":"visible","single_product_price_visibility":"visible","cart_price_visibility":"visible","order_price_visibility":"visible","stock_status":"out_of_stock"},{"bundled_item_id":1258,"product_id":14324,"menu_order":1,"quantity_min":1,"quantity_max":1,"quantity_default":1,"priced_individually":true,"shipped_individually":false,"override_title":false,"title":"Long gold-plated chain with a ring \u2013 SNAKE","override_description":false,"description":"Long gold-plated chain with a ring \u2013 SNAKE","optional":true,"hide_thumbnail":false,"discount":"","override_variations":false,"allowed_variations":[""],"override_default_variation_attributes":false,"default_variation_attributes":[],"single_product_visibility":"visible","cart_visibility":"visible","order_visibility":"visible","single_product_price_visibility":"visible","cart_price_visibility":"visible","order_price_visibility":"visible","stock_status":"in_stock"},{"bundled_item_id":1259,"product_id":12582,"menu_order":2,"quantity_min":1,"quantity_max":1,"quantity_default":1,"priced_individually":true,"shipped_individually":false,"override_title":false,"title":"Gold-plated round drop earrings with faceted amber \u2013 BLISS","override_description":false,"description":"Gold-plated round drop earrings with faceted amber \u2013 BLISS","optional":true,"hide_thumbnail":false,"discount":"","override_variations":false,"allowed_variations":[""],"override_default_variation_attributes":false,"default_variation_attributes":[],"single_product_visibility":"visible","cart_visibility":"visible","order_visibility":"visible","single_product_price_visibility":"visible","cart_price_visibility":"visible","order_price_visibility":"visible","stock_status":"in_stock"}],"bundle_sell_ids":[],"acf":[],"yoast_head":"<!-- This site is optimized with the Yoast SEO plugin v26.4 - https:\/\/yoast.com\/wordpress\/plugins\/seo\/ -->\n<title>Long gold-plated necklace and drop earrings with faceted amber<\/title>\n<meta name=\"description\" content=\"BLISS jewelry set, featuring a gold-plated necklace and dangling earrings with faceted amber, is an elegant choice for a festive look.\" \/>\n<meta name=\"robots\" content=\"index, follow, max-snippet:-1, max-image-preview:large, max-video-preview:-1\" \/>\n<link rel=\"canonical\" href=\"https:\/\/mondri.lt\/en\/product\/jewelry-categories\/jewelry-sets\/long-gold-plated-necklace-and-drop-earrings-with-faceted-amber-jewelry-set-bliss\/\" \/>\n<meta property=\"og:locale\" content=\"en_US\" \/>\n<meta property=\"og:type\" content=\"article\" \/>\n<meta property=\"og:title\" content=\"Long gold-plated necklace and drop earrings with faceted amber\" \/>\n<meta property=\"og:description\" content=\"BLISS jewelry set, featuring a gold-plated necklace and dangling earrings with faceted amber, is an elegant choice for a festive look.\" \/>\n<meta property=\"og:url\" content=\"https:\/\/mondri.lt\/en\/product\/jewelry-categories\/jewelry-sets\/long-gold-plated-necklace-and-drop-earrings-with-faceted-amber-jewelry-set-bliss\/\" \/>\n<meta property=\"og:site_name\" content=\"Mondri\" \/>\n<meta property=\"article:modified_time\" content=\"2024-05-31T12:11:50+00:00\" \/>\n<meta property=\"og:image\" content=\"https:\/\/mondri.lt\/wp-content\/uploads\/2023\/07\/paauksuotos-kolje-ir-kabanciu-auskaru-rinkinys-bliss.jpg\" \/>\n\t<meta property=\"og:image:width\" content=\"1664\" \/>\n\t<meta property=\"og:image:height\" content=\"2120\" \/>\n\t<meta property=\"og:image:type\" content=\"image\/jpeg\" \/>\n<meta name=\"twitter:card\" content=\"summary_large_image\" \/>\n<meta name=\"twitter:label1\" content=\"Est. reading time\" \/>\n\t<meta name=\"twitter:data1\" content=\"3 minutes\" \/>\n<script type=\"application\/ld+json\" class=\"yoast-schema-graph\">{\"@context\":\"https:\/\/schema.org\",\"@graph\":[{\"@type\":\"WebPage\",\"@id\":\"https:\/\/mondri.lt\/en\/product\/jewelry-categories\/jewelry-sets\/long-gold-plated-necklace-and-drop-earrings-with-faceted-amber-jewelry-set-bliss\/\",\"url\":\"https:\/\/mondri.lt\/en\/product\/jewelry-categories\/jewelry-sets\/long-gold-plated-necklace-and-drop-earrings-with-faceted-amber-jewelry-set-bliss\/\",\"name\":\"Long gold-plated necklace and drop earrings with faceted amber\",\"isPartOf\":{\"@id\":\"https:\/\/mondri.lt\/#website\"},\"primaryImageOfPage\":{\"@id\":\"https:\/\/mondri.lt\/en\/product\/jewelry-categories\/jewelry-sets\/long-gold-plated-necklace-and-drop-earrings-with-faceted-amber-jewelry-set-bliss\/#primaryimage\"},\"image\":{\"@id\":\"https:\/\/mondri.lt\/en\/product\/jewelry-categories\/jewelry-sets\/long-gold-plated-necklace-and-drop-earrings-with-faceted-amber-jewelry-set-bliss\/#primaryimage\"},\"thumbnailUrl\":\"https:\/\/mondri.lt\/wp-content\/uploads\/2023\/07\/paauksuotos-kolje-ir-kabanciu-auskaru-rinkinys-bliss.jpg\",\"datePublished\":\"2023-07-01T11:21:01+00:00\",\"dateModified\":\"2024-05-31T12:11:50+00:00\",\"description\":\"BLISS jewelry set, featuring a gold-plated necklace and dangling earrings with faceted amber, is an elegant choice for a festive look.\",\"breadcrumb\":{\"@id\":\"https:\/\/mondri.lt\/en\/product\/jewelry-categories\/jewelry-sets\/long-gold-plated-necklace-and-drop-earrings-with-faceted-amber-jewelry-set-bliss\/#breadcrumb\"},\"inLanguage\":\"en-US\",\"potentialAction\":[{\"@type\":\"ReadAction\",\"target\":[\"https:\/\/mondri.lt\/en\/product\/jewelry-categories\/jewelry-sets\/long-gold-plated-necklace-and-drop-earrings-with-faceted-amber-jewelry-set-bliss\/\"]}]},{\"@type\":\"ImageObject\",\"inLanguage\":\"en-US\",\"@id\":\"https:\/\/mondri.lt\/en\/product\/jewelry-categories\/jewelry-sets\/long-gold-plated-necklace-and-drop-earrings-with-faceted-amber-jewelry-set-bliss\/#primaryimage\",\"url\":\"https:\/\/mondri.lt\/wp-content\/uploads\/2023\/07\/paauksuotos-kolje-ir-kabanciu-auskaru-rinkinys-bliss.jpg\",\"contentUrl\":\"https:\/\/mondri.lt\/wp-content\/uploads\/2023\/07\/paauksuotos-kolje-ir-kabanciu-auskaru-rinkinys-bliss.jpg\",\"width\":1664,\"height\":2120,\"caption\":\"paauksuotos kolj\u0117 ir kaban\u010di\u0173 auskar\u0173 rinkinys bliss\"},{\"@type\":\"BreadcrumbList\",\"@id\":\"https:\/\/mondri.lt\/en\/product\/jewelry-categories\/jewelry-sets\/long-gold-plated-necklace-and-drop-earrings-with-faceted-amber-jewelry-set-bliss\/#breadcrumb\",\"itemListElement\":[{\"@type\":\"ListItem\",\"position\":1,\"name\":\"Home\",\"item\":\"https:\/\/mondri.lt\/en\/\"},{\"@type\":\"ListItem\",\"position\":2,\"name\":\"Shopping\",\"item\":\"https:\/\/mondri.lt\/en\/shopping\/\"},{\"@type\":\"ListItem\",\"position\":3,\"name\":\"Long gold-plated necklace and drop earrings with faceted amber jewelry set \u2013 BLISS\"}]},{\"@type\":\"WebSite\",\"@id\":\"https:\/\/mondri.lt\/#website\",\"url\":\"https:\/\/mondri.lt\/\",\"name\":\"Mondri\",\"description\":\"Just another WordPress site\",\"publisher\":{\"@id\":\"https:\/\/mondri.lt\/#organization\"},\"potentialAction\":[{\"@type\":\"SearchAction\",\"target\":{\"@type\":\"EntryPoint\",\"urlTemplate\":\"https:\/\/mondri.lt\/?s={search_term_string}\"},\"query-input\":{\"@type\":\"PropertyValueSpecification\",\"valueRequired\":true,\"valueName\":\"search_term_string\"}}],\"inLanguage\":\"en-US\"},{\"@type\":\"Organization\",\"@id\":\"https:\/\/mondri.lt\/#organization\",\"name\":\"Mondri\",\"url\":\"https:\/\/mondri.lt\/\",\"logo\":{\"@type\":\"ImageObject\",\"inLanguage\":\"en-US\",\"@id\":\"https:\/\/mondri.lt\/#\/schema\/logo\/image\/\",\"url\":\"https:\/\/mondri.lt\/wp-content\/uploads\/2022\/06\/Mondri-logo.svg\",\"contentUrl\":\"https:\/\/mondri.lt\/wp-content\/uploads\/2022\/06\/Mondri-logo.svg\",\"width\":89,\"height\":50,\"caption\":\"Mondri\"},\"image\":{\"@id\":\"https:\/\/mondri.lt\/#\/schema\/logo\/image\/\"}}]}<\/script>\n<!-- \/ Yoast SEO plugin. -->","yoast_head_json":{"title":"Long gold-plated necklace and drop earrings with faceted amber","description":"BLISS jewelry set, featuring a gold-plated necklace and dangling earrings with faceted amber, is an elegant choice for a festive look.","robots":{"index":"index","follow":"follow","max-snippet":"max-snippet:-1","max-image-preview":"max-image-preview:large","max-video-preview":"max-video-preview:-1"},"canonical":"https:\/\/mondri.lt\/en\/product\/jewelry-categories\/jewelry-sets\/long-gold-plated-necklace-and-drop-earrings-with-faceted-amber-jewelry-set-bliss\/","og_locale":"en_US","og_type":"article","og_title":"Long gold-plated necklace and drop earrings with faceted amber","og_description":"BLISS jewelry set, featuring a gold-plated necklace and dangling earrings with faceted amber, is an elegant choice for a festive look.","og_url":"https:\/\/mondri.lt\/en\/product\/jewelry-categories\/jewelry-sets\/long-gold-plated-necklace-and-drop-earrings-with-faceted-amber-jewelry-set-bliss\/","og_site_name":"Mondri","article_modified_time":"2024-05-31T12:11:50+00:00","og_image":[{"width":1664,"height":2120,"url":"https:\/\/mondri.lt\/wp-content\/uploads\/2023\/07\/paauksuotos-kolje-ir-kabanciu-auskaru-rinkinys-bliss.jpg","type":"image\/jpeg"}],"twitter_card":"summary_large_image","twitter_misc":{"Est. reading time":"3 minutes"},"schema":{"@context":"https:\/\/schema.org","@graph":[{"@type":"WebPage","@id":"https:\/\/mondri.lt\/en\/product\/jewelry-categories\/jewelry-sets\/long-gold-plated-necklace-and-drop-earrings-with-faceted-amber-jewelry-set-bliss\/","url":"https:\/\/mondri.lt\/en\/product\/jewelry-categories\/jewelry-sets\/long-gold-plated-necklace-and-drop-earrings-with-faceted-amber-jewelry-set-bliss\/","name":"Long gold-plated necklace and drop earrings with faceted amber","isPartOf":{"@id":"https:\/\/mondri.lt\/#website"},"primaryImageOfPage":{"@id":"https:\/\/mondri.lt\/en\/product\/jewelry-categories\/jewelry-sets\/long-gold-plated-necklace-and-drop-earrings-with-faceted-amber-jewelry-set-bliss\/#primaryimage"},"image":{"@id":"https:\/\/mondri.lt\/en\/product\/jewelry-categories\/jewelry-sets\/long-gold-plated-necklace-and-drop-earrings-with-faceted-amber-jewelry-set-bliss\/#primaryimage"},"thumbnailUrl":"https:\/\/mondri.lt\/wp-content\/uploads\/2023\/07\/paauksuotos-kolje-ir-kabanciu-auskaru-rinkinys-bliss.jpg","datePublished":"2023-07-01T11:21:01+00:00","dateModified":"2024-05-31T12:11:50+00:00","description":"BLISS jewelry set, featuring a gold-plated necklace and dangling earrings with faceted amber, is an elegant choice for a festive look.","breadcrumb":{"@id":"https:\/\/mondri.lt\/en\/product\/jewelry-categories\/jewelry-sets\/long-gold-plated-necklace-and-drop-earrings-with-faceted-amber-jewelry-set-bliss\/#breadcrumb"},"inLanguage":"en-US","potentialAction":[{"@type":"ReadAction","target":["https:\/\/mondri.lt\/en\/product\/jewelry-categories\/jewelry-sets\/long-gold-plated-necklace-and-drop-earrings-with-faceted-amber-jewelry-set-bliss\/"]}]},{"@type":"ImageObject","inLanguage":"en-US","@id":"https:\/\/mondri.lt\/en\/product\/jewelry-categories\/jewelry-sets\/long-gold-plated-necklace-and-drop-earrings-with-faceted-amber-jewelry-set-bliss\/#primaryimage","url":"https:\/\/mondri.lt\/wp-content\/uploads\/2023\/07\/paauksuotos-kolje-ir-kabanciu-auskaru-rinkinys-bliss.jpg","contentUrl":"https:\/\/mondri.lt\/wp-content\/uploads\/2023\/07\/paauksuotos-kolje-ir-kabanciu-auskaru-rinkinys-bliss.jpg","width":1664,"height":2120,"caption":"paauksuotos kolj\u0117 ir kaban\u010di\u0173 auskar\u0173 rinkinys bliss"},{"@type":"BreadcrumbList","@id":"https:\/\/mondri.lt\/en\/product\/jewelry-categories\/jewelry-sets\/long-gold-plated-necklace-and-drop-earrings-with-faceted-amber-jewelry-set-bliss\/#breadcrumb","itemListElement":[{"@type":"ListItem","position":1,"name":"Home","item":"https:\/\/mondri.lt\/en\/"},{"@type":"ListItem","position":2,"name":"Shopping","item":"https:\/\/mondri.lt\/en\/shopping\/"},{"@type":"ListItem","position":3,"name":"Long gold-plated necklace and drop earrings with faceted amber jewelry set \u2013 BLISS"}]},{"@type":"WebSite","@id":"https:\/\/mondri.lt\/#website","url":"https:\/\/mondri.lt\/","name":"Mondri","description":"Just another WordPress site","publisher":{"@id":"https:\/\/mondri.lt\/#organization"},"potentialAction":[{"@type":"SearchAction","target":{"@type":"EntryPoint","urlTemplate":"https:\/\/mondri.lt\/?s={search_term_string}"},"query-input":{"@type":"PropertyValueSpecification","valueRequired":true,"valueName":"search_term_string"}}],"inLanguage":"en-US"},{"@type":"Organization","@id":"https:\/\/mondri.lt\/#organization","name":"Mondri","url":"https:\/\/mondri.lt\/","logo":{"@type":"ImageObject","inLanguage":"en-US","@id":"https:\/\/mondri.lt\/#\/schema\/logo\/image\/","url":"https:\/\/mondri.lt\/wp-content\/uploads\/2022\/06\/Mondri-logo.svg","contentUrl":"https:\/\/mondri.lt\/wp-content\/uploads\/2022\/06\/Mondri-logo.svg","width":89,"height":50,"caption":"Mondri"},"image":{"@id":"https:\/\/mondri.lt\/#\/schema\/logo\/image\/"}}]}},"_links":{"self":[{"href":"https:\/\/mondri.lt\/en\/wp-json\/wp\/v2\/product\/16416","targetHints":{"allow":["GET"]}}],"collection":[{"href":"https:\/\/mondri.lt\/en\/wp-json\/wp\/v2\/product"}],"about":[{"href":"https:\/\/mondri.lt\/en\/wp-json\/wp\/v2\/types\/product"}],"wp:featuredmedia":[{"embeddable":true,"href":"https:\/\/mondri.lt\/en\/wp-json\/wp\/v2\/media\/9107"}],"wp:attachment":[{"href":"https:\/\/mondri.lt\/en\/wp-json\/wp\/v2\/media?parent=16416"}],"wp:term":[{"taxonomy":"product_brand","embeddable":true,"href":"https:\/\/mondri.lt\/en\/wp-json\/wp\/v2\/product_brand?post=16416"},{"taxonomy":"product_cat","embeddable":true,"href":"https:\/\/mondri.lt\/en\/wp-json\/wp\/v2\/product_cat?post=16416"},{"taxonomy":"product_tag","embeddable":true,"href":"https:\/\/mondri.lt\/en\/wp-json\/wp\/v2\/product_tag?post=16416"}],"curies":[{"name":"wp","href":"https:\/\/api.w.org\/{rel}","templated":true}]}}