{"id":16413,"date":"2023-04-22T14:55:18","date_gmt":"2023-04-22T11:55:18","guid":{"rendered":"https:\/\/mondri.lt\/produktas\/uncategorized\/gold-plated-cherry-amber-bead-necklace-and-bracelet-combination-golden-cherry\/"},"modified":"2023-04-22T14:55:18","modified_gmt":"2023-04-22T11:55:18","slug":"gold-plated-cherry-amber-bead-necklace-and-bracelet-combination-golden-cherry","status":"publish","type":"product","link":"https:\/\/mondri.lt\/en\/product\/according-to-the-metal\/24k-gold-plated-jewelry\/gold-plated-cherry-amber-bead-necklace-and-bracelet-combination-golden-cherry\/","title":{"rendered":"Gold-plated cherry amber bead necklace and bracelet combination \u2013 GOLDEN CHERRY"},"content":{"rendered":"","protected":false},"excerpt":{"rendered":"","protected":false},"featured_media":6120,"template":"","meta":{"_acf_changed":false,"inline_featured_image":false},"product_brand":[],"product_cat":[347,538,381,372,419,371,370,353,356],"product_tag":[],"class_list":{"0":"post-16413","1":"product","2":"type-product","3":"status-publish","4":"has-post-thumbnail","6":"product_cat-amber-jewelry","7":"product_cat-mondri-mix-and-match-jewelry","8":"product_cat-gifts-for-women-en","9":"product_cat-200-500-eur-en","10":"product_cat-gifts-for-anniversaries-birthday","11":"product_cat-cherry-amber-en","12":"product_cat-red-amber-en","13":"product_cat-24k-gold-plated-jewelry","14":"product_cat-all-jewelry","15":"pa_akmens-dydis-12-mm-0-47-in","16":"pa_akmens-dydis-5-mm-0-20-in","17":"pa_akmens-spalva-cherry-dark-amber","18":"pa_kolekcijos-cherry-amber-en","19":"pa_spalva-24k-gold-vermeil","20":"tm-has-options","22":"first","23":"instock","24":"taxable","25":"shipping-taxable","26":"purchasable","27":"product-type-bundle"},"bundled_by":[],"bundle_stock_status":"instock","bundle_stock_quantity":"","bundle_virtual":false,"bundle_layout":"default","bundle_add_to_cart_form_location":"default","bundle_editable_in_cart":false,"bundle_sold_individually_context":"product","bundle_item_grouping":"parent","bundle_min_size":"","bundle_max_size":"","bundle_price":{"price":{"min":{"incl_tax":"0.00","excl_tax":"0.00"},"max":{"incl_tax":"570","excl_tax":"471.07"}},"regular_price":{"min":{"incl_tax":"0.00","excl_tax":"0.00"},"max":{"incl_tax":"570","excl_tax":"471.07"}}},"bundled_items":[{"bundled_item_id":1251,"product_id":13901,"menu_order":0,"quantity_min":1,"quantity_max":1,"quantity_default":1,"priced_individually":true,"shipped_individually":false,"override_title":false,"title":"Long gold-plated beaded necklace-bracelet with 5 mm cherry amber \u2013 BLACK CHERRY","override_description":false,"description":"Long gold-plated beaded necklace-bracelet with 5 mm cherry amber \u2013 BLACK CHERRY","optional":true,"hide_thumbnail":false,"discount":"","override_variations":false,"allowed_variations":[""],"override_default_variation_attributes":false,"default_variation_attributes":[],"single_product_visibility":"visible","cart_visibility":"visible","order_visibility":"visible","single_product_price_visibility":"visible","cart_price_visibility":"visible","order_price_visibility":"visible","stock_status":"in_stock"},{"bundled_item_id":1252,"product_id":13366,"menu_order":1,"quantity_min":1,"quantity_max":1,"quantity_default":1,"priced_individually":true,"shipped_individually":false,"override_title":false,"title":"Gold-plated chain bracelet with 12 mm cherry amber \u2013 GOLDEN CHERRY","override_description":false,"description":"Gold-plated chain bracelet with 12 mm cherry amber \u2013 GOLDEN CHERRY","optional":true,"hide_thumbnail":false,"discount":"","override_variations":false,"allowed_variations":[""],"override_default_variation_attributes":false,"default_variation_attributes":[],"single_product_visibility":"visible","cart_visibility":"visible","order_visibility":"visible","single_product_price_visibility":"visible","cart_price_visibility":"visible","order_price_visibility":"visible","stock_status":"in_stock"}],"bundle_sell_ids":[],"acf":[],"yoast_head":"<!-- This site is optimized with the Yoast SEO plugin v26.4 - https:\/\/yoast.com\/wordpress\/plugins\/seo\/ -->\n<title>Gold-plated cherry amber bead necklace and bracelet combination \u2013 GOLDEN CHERRY - Mondri<\/title>\n<meta name=\"robots\" content=\"index, follow, max-snippet:-1, max-image-preview:large, max-video-preview:-1\" \/>\n<link rel=\"canonical\" href=\"https:\/\/mondri.lt\/en\/product\/according-to-the-metal\/24k-gold-plated-jewelry\/gold-plated-cherry-amber-bead-necklace-and-bracelet-combination-golden-cherry\/\" \/>\n<meta property=\"og:locale\" content=\"en_US\" \/>\n<meta property=\"og:type\" content=\"article\" \/>\n<meta property=\"og:title\" content=\"Gold-plated cherry amber bead necklace and bracelet combination \u2013 GOLDEN CHERRY - Mondri\" \/>\n<meta property=\"og:url\" content=\"https:\/\/mondri.lt\/en\/product\/according-to-the-metal\/24k-gold-plated-jewelry\/gold-plated-cherry-amber-bead-necklace-and-bracelet-combination-golden-cherry\/\" \/>\n<meta property=\"og:site_name\" content=\"Mondri\" \/>\n<meta property=\"og:image\" content=\"https:\/\/mondri.lt\/wp-content\/uploads\/2023\/04\/ilgo-paauksuoto-verinio-ir-apyrankes-su-grandinele-ir-vysniniu-gintaru-jugninys-cherry.jpg\" \/>\n\t<meta property=\"og:image:width\" content=\"1664\" \/>\n\t<meta property=\"og:image:height\" content=\"2120\" \/>\n\t<meta property=\"og:image:type\" content=\"image\/jpeg\" \/>\n<meta name=\"twitter:card\" content=\"summary_large_image\" \/>\n<script type=\"application\/ld+json\" class=\"yoast-schema-graph\">{\"@context\":\"https:\/\/schema.org\",\"@graph\":[{\"@type\":\"WebPage\",\"@id\":\"https:\/\/mondri.lt\/en\/product\/according-to-the-metal\/24k-gold-plated-jewelry\/gold-plated-cherry-amber-bead-necklace-and-bracelet-combination-golden-cherry\/\",\"url\":\"https:\/\/mondri.lt\/en\/product\/according-to-the-metal\/24k-gold-plated-jewelry\/gold-plated-cherry-amber-bead-necklace-and-bracelet-combination-golden-cherry\/\",\"name\":\"Gold-plated cherry amber bead necklace and bracelet combination \u2013 GOLDEN CHERRY - Mondri\",\"isPartOf\":{\"@id\":\"https:\/\/mondri.lt\/#website\"},\"primaryImageOfPage\":{\"@id\":\"https:\/\/mondri.lt\/en\/product\/according-to-the-metal\/24k-gold-plated-jewelry\/gold-plated-cherry-amber-bead-necklace-and-bracelet-combination-golden-cherry\/#primaryimage\"},\"image\":{\"@id\":\"https:\/\/mondri.lt\/en\/product\/according-to-the-metal\/24k-gold-plated-jewelry\/gold-plated-cherry-amber-bead-necklace-and-bracelet-combination-golden-cherry\/#primaryimage\"},\"thumbnailUrl\":\"https:\/\/mondri.lt\/wp-content\/uploads\/2023\/04\/ilgo-paauksuoto-verinio-ir-apyrankes-su-grandinele-ir-vysniniu-gintaru-jugninys-cherry.jpg\",\"datePublished\":\"2023-04-22T11:55:18+00:00\",\"breadcrumb\":{\"@id\":\"https:\/\/mondri.lt\/en\/product\/according-to-the-metal\/24k-gold-plated-jewelry\/gold-plated-cherry-amber-bead-necklace-and-bracelet-combination-golden-cherry\/#breadcrumb\"},\"inLanguage\":\"en-US\",\"potentialAction\":[{\"@type\":\"ReadAction\",\"target\":[\"https:\/\/mondri.lt\/en\/product\/according-to-the-metal\/24k-gold-plated-jewelry\/gold-plated-cherry-amber-bead-necklace-and-bracelet-combination-golden-cherry\/\"]}]},{\"@type\":\"ImageObject\",\"inLanguage\":\"en-US\",\"@id\":\"https:\/\/mondri.lt\/en\/product\/according-to-the-metal\/24k-gold-plated-jewelry\/gold-plated-cherry-amber-bead-necklace-and-bracelet-combination-golden-cherry\/#primaryimage\",\"url\":\"https:\/\/mondri.lt\/wp-content\/uploads\/2023\/04\/ilgo-paauksuoto-verinio-ir-apyrankes-su-grandinele-ir-vysniniu-gintaru-jugninys-cherry.jpg\",\"contentUrl\":\"https:\/\/mondri.lt\/wp-content\/uploads\/2023\/04\/ilgo-paauksuoto-verinio-ir-apyrankes-su-grandinele-ir-vysniniu-gintaru-jugninys-cherry.jpg\",\"width\":1664,\"height\":2120,\"caption\":\"ilgo paauksuoto v\u0117rinio ir apyrank\u0117s su grandin\u0117le ir vy\u0161niniu gintaru junginys cherry\"},{\"@type\":\"BreadcrumbList\",\"@id\":\"https:\/\/mondri.lt\/en\/product\/according-to-the-metal\/24k-gold-plated-jewelry\/gold-plated-cherry-amber-bead-necklace-and-bracelet-combination-golden-cherry\/#breadcrumb\",\"itemListElement\":[{\"@type\":\"ListItem\",\"position\":1,\"name\":\"Home\",\"item\":\"https:\/\/mondri.lt\/en\/\"},{\"@type\":\"ListItem\",\"position\":2,\"name\":\"Shopping\",\"item\":\"https:\/\/mondri.lt\/en\/shopping\/\"},{\"@type\":\"ListItem\",\"position\":3,\"name\":\"Gold-plated cherry amber bead necklace and bracelet combination \u2013 GOLDEN CHERRY\"}]},{\"@type\":\"WebSite\",\"@id\":\"https:\/\/mondri.lt\/#website\",\"url\":\"https:\/\/mondri.lt\/\",\"name\":\"Mondri\",\"description\":\"Just another WordPress site\",\"publisher\":{\"@id\":\"https:\/\/mondri.lt\/#organization\"},\"potentialAction\":[{\"@type\":\"SearchAction\",\"target\":{\"@type\":\"EntryPoint\",\"urlTemplate\":\"https:\/\/mondri.lt\/?s={search_term_string}\"},\"query-input\":{\"@type\":\"PropertyValueSpecification\",\"valueRequired\":true,\"valueName\":\"search_term_string\"}}],\"inLanguage\":\"en-US\"},{\"@type\":\"Organization\",\"@id\":\"https:\/\/mondri.lt\/#organization\",\"name\":\"Mondri\",\"url\":\"https:\/\/mondri.lt\/\",\"logo\":{\"@type\":\"ImageObject\",\"inLanguage\":\"en-US\",\"@id\":\"https:\/\/mondri.lt\/#\/schema\/logo\/image\/\",\"url\":\"https:\/\/mondri.lt\/wp-content\/uploads\/2022\/06\/Mondri-logo.svg\",\"contentUrl\":\"https:\/\/mondri.lt\/wp-content\/uploads\/2022\/06\/Mondri-logo.svg\",\"width\":89,\"height\":50,\"caption\":\"Mondri\"},\"image\":{\"@id\":\"https:\/\/mondri.lt\/#\/schema\/logo\/image\/\"}}]}<\/script>\n<!-- \/ Yoast SEO plugin. -->","yoast_head_json":{"title":"Gold-plated cherry amber bead necklace and bracelet combination \u2013 GOLDEN CHERRY - Mondri","robots":{"index":"index","follow":"follow","max-snippet":"max-snippet:-1","max-image-preview":"max-image-preview:large","max-video-preview":"max-video-preview:-1"},"canonical":"https:\/\/mondri.lt\/en\/product\/according-to-the-metal\/24k-gold-plated-jewelry\/gold-plated-cherry-amber-bead-necklace-and-bracelet-combination-golden-cherry\/","og_locale":"en_US","og_type":"article","og_title":"Gold-plated cherry amber bead necklace and bracelet combination \u2013 GOLDEN CHERRY - Mondri","og_url":"https:\/\/mondri.lt\/en\/product\/according-to-the-metal\/24k-gold-plated-jewelry\/gold-plated-cherry-amber-bead-necklace-and-bracelet-combination-golden-cherry\/","og_site_name":"Mondri","og_image":[{"width":1664,"height":2120,"url":"https:\/\/mondri.lt\/wp-content\/uploads\/2023\/04\/ilgo-paauksuoto-verinio-ir-apyrankes-su-grandinele-ir-vysniniu-gintaru-jugninys-cherry.jpg","type":"image\/jpeg"}],"twitter_card":"summary_large_image","schema":{"@context":"https:\/\/schema.org","@graph":[{"@type":"WebPage","@id":"https:\/\/mondri.lt\/en\/product\/according-to-the-metal\/24k-gold-plated-jewelry\/gold-plated-cherry-amber-bead-necklace-and-bracelet-combination-golden-cherry\/","url":"https:\/\/mondri.lt\/en\/product\/according-to-the-metal\/24k-gold-plated-jewelry\/gold-plated-cherry-amber-bead-necklace-and-bracelet-combination-golden-cherry\/","name":"Gold-plated cherry amber bead necklace and bracelet combination \u2013 GOLDEN CHERRY - Mondri","isPartOf":{"@id":"https:\/\/mondri.lt\/#website"},"primaryImageOfPage":{"@id":"https:\/\/mondri.lt\/en\/product\/according-to-the-metal\/24k-gold-plated-jewelry\/gold-plated-cherry-amber-bead-necklace-and-bracelet-combination-golden-cherry\/#primaryimage"},"image":{"@id":"https:\/\/mondri.lt\/en\/product\/according-to-the-metal\/24k-gold-plated-jewelry\/gold-plated-cherry-amber-bead-necklace-and-bracelet-combination-golden-cherry\/#primaryimage"},"thumbnailUrl":"https:\/\/mondri.lt\/wp-content\/uploads\/2023\/04\/ilgo-paauksuoto-verinio-ir-apyrankes-su-grandinele-ir-vysniniu-gintaru-jugninys-cherry.jpg","datePublished":"2023-04-22T11:55:18+00:00","breadcrumb":{"@id":"https:\/\/mondri.lt\/en\/product\/according-to-the-metal\/24k-gold-plated-jewelry\/gold-plated-cherry-amber-bead-necklace-and-bracelet-combination-golden-cherry\/#breadcrumb"},"inLanguage":"en-US","potentialAction":[{"@type":"ReadAction","target":["https:\/\/mondri.lt\/en\/product\/according-to-the-metal\/24k-gold-plated-jewelry\/gold-plated-cherry-amber-bead-necklace-and-bracelet-combination-golden-cherry\/"]}]},{"@type":"ImageObject","inLanguage":"en-US","@id":"https:\/\/mondri.lt\/en\/product\/according-to-the-metal\/24k-gold-plated-jewelry\/gold-plated-cherry-amber-bead-necklace-and-bracelet-combination-golden-cherry\/#primaryimage","url":"https:\/\/mondri.lt\/wp-content\/uploads\/2023\/04\/ilgo-paauksuoto-verinio-ir-apyrankes-su-grandinele-ir-vysniniu-gintaru-jugninys-cherry.jpg","contentUrl":"https:\/\/mondri.lt\/wp-content\/uploads\/2023\/04\/ilgo-paauksuoto-verinio-ir-apyrankes-su-grandinele-ir-vysniniu-gintaru-jugninys-cherry.jpg","width":1664,"height":2120,"caption":"ilgo paauksuoto v\u0117rinio ir apyrank\u0117s su grandin\u0117le ir vy\u0161niniu gintaru junginys cherry"},{"@type":"BreadcrumbList","@id":"https:\/\/mondri.lt\/en\/product\/according-to-the-metal\/24k-gold-plated-jewelry\/gold-plated-cherry-amber-bead-necklace-and-bracelet-combination-golden-cherry\/#breadcrumb","itemListElement":[{"@type":"ListItem","position":1,"name":"Home","item":"https:\/\/mondri.lt\/en\/"},{"@type":"ListItem","position":2,"name":"Shopping","item":"https:\/\/mondri.lt\/en\/shopping\/"},{"@type":"ListItem","position":3,"name":"Gold-plated cherry amber bead necklace and bracelet combination \u2013 GOLDEN CHERRY"}]},{"@type":"WebSite","@id":"https:\/\/mondri.lt\/#website","url":"https:\/\/mondri.lt\/","name":"Mondri","description":"Just another WordPress site","publisher":{"@id":"https:\/\/mondri.lt\/#organization"},"potentialAction":[{"@type":"SearchAction","target":{"@type":"EntryPoint","urlTemplate":"https:\/\/mondri.lt\/?s={search_term_string}"},"query-input":{"@type":"PropertyValueSpecification","valueRequired":true,"valueName":"search_term_string"}}],"inLanguage":"en-US"},{"@type":"Organization","@id":"https:\/\/mondri.lt\/#organization","name":"Mondri","url":"https:\/\/mondri.lt\/","logo":{"@type":"ImageObject","inLanguage":"en-US","@id":"https:\/\/mondri.lt\/#\/schema\/logo\/image\/","url":"https:\/\/mondri.lt\/wp-content\/uploads\/2022\/06\/Mondri-logo.svg","contentUrl":"https:\/\/mondri.lt\/wp-content\/uploads\/2022\/06\/Mondri-logo.svg","width":89,"height":50,"caption":"Mondri"},"image":{"@id":"https:\/\/mondri.lt\/#\/schema\/logo\/image\/"}}]}},"_links":{"self":[{"href":"https:\/\/mondri.lt\/en\/wp-json\/wp\/v2\/product\/16413","targetHints":{"allow":["GET"]}}],"collection":[{"href":"https:\/\/mondri.lt\/en\/wp-json\/wp\/v2\/product"}],"about":[{"href":"https:\/\/mondri.lt\/en\/wp-json\/wp\/v2\/types\/product"}],"wp:featuredmedia":[{"embeddable":true,"href":"https:\/\/mondri.lt\/en\/wp-json\/wp\/v2\/media\/6120"}],"wp:attachment":[{"href":"https:\/\/mondri.lt\/en\/wp-json\/wp\/v2\/media?parent=16413"}],"wp:term":[{"taxonomy":"product_brand","embeddable":true,"href":"https:\/\/mondri.lt\/en\/wp-json\/wp\/v2\/product_brand?post=16413"},{"taxonomy":"product_cat","embeddable":true,"href":"https:\/\/mondri.lt\/en\/wp-json\/wp\/v2\/product_cat?post=16413"},{"taxonomy":"product_tag","embeddable":true,"href":"https:\/\/mondri.lt\/en\/wp-json\/wp\/v2\/product_tag?post=16413"}],"curies":[{"name":"wp","href":"https:\/\/api.w.org\/{rel}","templated":true}]}}